{"id":95,"date":"2021-11-11T14:20:42","date_gmt":"2021-11-11T14:20:42","guid":{"rendered":"http:\/\/www.villalantenystavat.fi\/?page_id=95"},"modified":"2025-12-17T17:13:09","modified_gmt":"2025-12-17T17:13:09","slug":"apurahat","status":"publish","type":"page","link":"https:\/\/www.villalantenystavat.fi\/?page_id=95","title":{"rendered":"Villa Lanten yst\u00e4vien stipendi"},"content":{"rendered":"\n<p>Villa Lanten yst\u00e4v\u00e4t \u2013 Villa Lantes v\u00e4nner ry. tukee vuosittaisella v\u00e4it\u00f6skirjatutkijalle my\u00f6nnett\u00e4v\u00e4ll\u00e4 stipendill\u00e4 Suomen Rooman-instituutissa teht\u00e4v\u00e4\u00e4 tutkimusta yhteisty\u00f6ss\u00e4 instituuttia yll\u00e4pit\u00e4v\u00e4n s\u00e4\u00e4ti\u00f6n Institutum Romanum Finlandiae kanssa. Stipendin hakuaika on syksyisin ja hausta tiedotetaan yhdistyksen verkkosivuilla, sosiaalisessa mediassa, j\u00e4senkirjeess\u00e4 sek\u00e4 s\u00e4hk\u00f6postilistoilla.&nbsp;<\/p>\n\n\n\n<p><strong><em><br><\/em><\/strong><\/p>\n\n\n\n<p class=\"has-medium-font-size\" style=\"margin-top:var(--wp--preset--spacing--40);margin-bottom:var(--wp--preset--spacing--40)\"><b>Villa Lanten yst\u00e4vien stipendiaatteja<\/b><\/p>\n\n\n\n<p>2026: FM <strong>Anna-Maria Wilskman<\/strong> (Helsingin yliopisto) roomalaisia virkamiehi\u00e4 k\u00e4sittelev\u00e4n v\u00e4it\u00f6skirjan loppuun ty\u00f6st\u00e4miseen.<\/p>\n\n\n\n<p>2025: FM&nbsp;<b>Hanna-Mari Kupari<\/b> (Turun yliopisto) latinan morfosyntaksista automaattista j\u00e4sent\u00e4mist\u00e4 ja kiellist\u00e4 variaatiota k\u00e4sittelev\u00e4\u00e4n v\u00e4it\u00f6skirjaan.<\/p>\n\n\n\n<p>2024: FM&nbsp;<b>Iida Huitula<\/b> (Helsingin yliopisto) v\u00e4it\u00f6skirjaan aiheesta Polyteismi ja juutalaisuus antiikissa. Juutalaisuuden kehittyminen ja luonne antiikin aikana.<\/p>\n\n\n\n<p>2023: FM <strong>Maria Jokela<\/strong> (Turun yliopisto) v\u00e4it\u00f6skirjaan my\u00f6h\u00e4isantiikin ja varhaiskeskiajan stereotypioista ja Rooman ja Konstantinopolin v\u00e4lisest\u00e4 suhteesta ja FM <strong>Joonas Kananen<\/strong> (Turun yliopisto) jalkapalloon kanavoituneita paikallisidentiteettej\u00e4 fasismin aikakauden Italiassa k\u00e4sittelev\u00e4n v\u00e4it\u00f6skirjaan.<\/p>\n\n\n\n<p>2022: FM <strong>Minna Kuloj\u00e4rvi<\/strong> (Tampereen yliopisto) v\u00e4it\u00f6skirjaan aiheesta &#8221;Arkkitehtuuri ja italialainen fasismi: Tuomitun aikakauden arkkitehtuurin arvottamisen ja suojelun problematiikka&#8221;.<\/p>\n\n\n\n<p>2021: FM <strong>Kirsi Vikman<\/strong> (Helsingin yliopisto) v\u00e4it\u00f6skirjaan aiheesta &#8221;Synnin palkka? Arkiel\u00e4m\u00e4 ja kirkollinen moraaliajattelu 1200- ja 1400-lukujen Euroopassa&#8221;.<\/p>\n\n\n\n<p>2020: FM <strong>Anna Repo<\/strong> (Helsingin yliopisto) renessanssin ruoan ja kulttuurin suhdetta Pohjois-Italiassa k\u00e4sittelev\u00e4\u00e4n v\u00e4it\u00f6skirjaan.<\/p>\n\n\n\n<p>2019: FM <strong>Jyrki Nissi<\/strong> (Tampereen yliopisto) kuolinhetke\u00e4 ja kuoleman ymp\u00e4rille luotua yhteis\u00f6llisyytt\u00e4 1400-luvun Euroopassa k\u00e4sittelev\u00e4\u00e4n v\u00e4it\u00f6skirjaan.<\/p>\n\n\n\n<p>2018: FM <strong>Roosa Kallunki<\/strong> (Tampereen yliopisto) v\u00e4it\u00f6skirjaan aiheesta &#8221;Children in Roman Religion. Participation, Agency and Lived Religion&#8221;.<\/p>\n\n\n\n<p>2017: FM <strong>Holger<\/strong> <strong>Kaasik<\/strong> (University of St Andrews) v\u00e4it\u00f6skirjaan aiheesta &#8221;Regional Contacts in Italy from 1100 to 1500 \u2013 A Multidisciplinary Approach to Medieval Calendars&#8221;.<\/p>\n\n\n\n<p>2016: FM <strong>Laura Nissin<\/strong> (Helsingin yliopisto) v\u00e4it\u00f6skirjaan aiheesta &#8221;Roman Sleep &#8211; Sleeping areas and sleeping arrangements in the Roman house&#8221; ja FM <strong>Lauri Leinonen<\/strong> (Helsingin yliopisto) v\u00e4it\u00f6skirjaan aiheesta &#8221;Norman Influence on the Ideology and Rhetoric of the Reform Papacy&#8221;.<\/p>\n\n\n\n<p>2015: FM <strong>Panu<\/strong> <strong>Hypp\u00f6nen<\/strong> (Oulun yliopisto) v\u00e4it\u00f6skirjaan aiheesta &#8221;Mittavirhett\u00e4 vai virheellisi\u00e4 mittauksia? Roomalainen tienrakentaminen ja Vitruviuksen hodometri&#8221;.<\/p>\n\n\n\n<p>2014: FM <strong>Samuli Simelius<\/strong> (Helsingin yliopisto) v\u00e4it\u00f6skirjaan aiheesta &#8221;Pompejin peristyylipuutarhat sosioekonomisen edustamisen v\u00e4linein\u00e4&#8221;.<\/p>\n\n\n\n<p>2013: FM <strong>Pia Mustonen<\/strong> (Tampereen yliopisto) v\u00e4it\u00f6skirjaan aiheesta &#8221;Keisariperheiden naisten uskonnollinen toiminta Julius-Claudiusten ja Flaviusten dynastioissa&#8221;.<\/p>\n\n\n\n<p>2012: FM <strong>Reima V\u00e4lim\u00e4ki<\/strong> (Turun yliopisto) v\u00e4it\u00f6skirjaan aiheesta &#8221;My\u00f6h\u00e4iskeskiaikainen kerettil\u00e4isyyden inkvisitio ja celestiini-hengellisyys&#8221;.<\/p>\n\n\n\n<p>2011: FM <strong>Hanna-Leena Tikkanen<\/strong> (Turun yliopisto) v\u00e4it\u00f6skirjaan aiheesta &#8221;Suomen ja Italian suhteet 1940\u20131944&#8221;.<\/p>\n\n\n\n<p>2010: FM <strong>Juho Wilskman<\/strong> (Helsingin yliopisto) v\u00e4it\u00f6skirjaan aiheesta &#8221;Egeanmeren sodank\u00e4ynti 1203\u2013<em>1403<\/em>&#8221;.<\/p>\n","protected":false},"excerpt":{"rendered":"<p>Villa Lanten yst\u00e4v\u00e4t \u2013 Villa Lantes v\u00e4nner ry. tukee vuosittaisella v\u00e4it\u00f6skirjatutkijalle my\u00f6nnett\u00e4v\u00e4ll\u00e4 stipendill\u00e4 Suomen Rooman-instituutissa teht\u00e4v\u00e4\u00e4 tutkimusta yhteisty\u00f6ss\u00e4 instituuttia yll\u00e4pit\u00e4v\u00e4n s\u00e4\u00e4ti\u00f6n Institutum Romanum Finlandiae kanssa. Stipendin hakuaika on syksyisin ja hausta tiedotetaan yhdistyksen verkkosivuilla, sosiaalisessa mediassa, j\u00e4senkirjeess\u00e4 sek\u00e4 s\u00e4hk\u00f6postilistoilla.&nbsp; Villa Lanten yst\u00e4vien stipendiaatteja 2026: FM Anna-Maria Wilskman (Helsingin yliopisto) roomalaisia virkamiehi\u00e4 k\u00e4sittelev\u00e4n v\u00e4it\u00f6skirjan loppuun ty\u00f6st\u00e4miseen. 2025: FM&nbsp;Hanna-Mari Kupari (Turun yliopisto) latinan morfosyntaksista automaattista j\u00e4sent\u00e4mist\u00e4 ja kiellist\u00e4 variaatiota k\u00e4sittelev\u00e4\u00e4n v\u00e4it\u00f6skirjaan. 2024: FM&nbsp;Iida Huitula (Helsingin yliopisto) v\u00e4it\u00f6skirjaan aiheesta Polyteismi ja juutalaisuus antiikissa. Juutalaisuuden kehittyminen ja luonne antiikin aikana. 2023: FM Maria Jokela (Turun yliopisto) v\u00e4it\u00f6skirjaan my\u00f6h\u00e4isantiikin ja varhaiskeskiajan stereotypioista ja Rooman ja Konstantinopolin v\u00e4lisest\u00e4 suhteesta ja FM Joonas Kananen (Turun yliopisto) jalkapalloon kanavoituneita paikallisidentiteettej\u00e4 fasismin aikakauden Italiassa k\u00e4sittelev\u00e4n v\u00e4it\u00f6skirjaan. 2022: FM Minna Kuloj\u00e4rvi (Tampereen yliopisto) v\u00e4it\u00f6skirjaan aiheesta &#8221;Arkkitehtuuri ja italialainen fasismi: Tuomitun aikakauden arkkitehtuurin arvottamisen ja suojelun problematiikka&#8221;. 2021: FM Kirsi Vikman (Helsingin yliopisto) v\u00e4it\u00f6skirjaan aiheesta &#8221;Synnin palkka? Arkiel\u00e4m\u00e4 ja kirkollinen moraaliajattelu 1200- ja 1400-lukujen Euroopassa&#8221;. 2020: FM Anna Repo (Helsingin yliopisto) renessanssin ruoan ja kulttuurin suhdetta Pohjois-Italiassa k\u00e4sittelev\u00e4\u00e4n v\u00e4it\u00f6skirjaan. 2019: FM Jyrki Nissi (Tampereen yliopisto) kuolinhetke\u00e4 ja kuoleman ymp\u00e4rille luotua yhteis\u00f6llisyytt\u00e4 1400-luvun Euroopassa k\u00e4sittelev\u00e4\u00e4n v\u00e4it\u00f6skirjaan. 2018: FM Roosa Kallunki (Tampereen yliopisto) v\u00e4it\u00f6skirjaan aiheesta &#8221;Children in Roman Religion. Participation, Agency and Lived Religion&#8221;. 2017: FM Holger Kaasik (University of St Andrews) v\u00e4it\u00f6skirjaan aiheesta &#8221;Regional Contacts in Italy from 1100 to 1500 \u2013 A Multidisciplinary Approach to Medieval Calendars&#8221;. 2016: FM Laura Nissin (Helsingin yliopisto) v\u00e4it\u00f6skirjaan aiheesta &#8221;Roman Sleep &#8211; Sleeping areas and sleeping arrangements in the Roman house&#8221; ja FM Lauri Leinonen (Helsingin yliopisto) v\u00e4it\u00f6skirjaan aiheesta &#8221;Norman Influence on the Ideology and Rhetoric of the Reform Papacy&#8221;. 2015: FM Panu Hypp\u00f6nen (Oulun yliopisto) v\u00e4it\u00f6skirjaan aiheesta &#8221;Mittavirhett\u00e4 vai virheellisi\u00e4 mittauksia? Roomalainen tienrakentaminen ja Vitruviuksen hodometri&#8221;. 2014: FM Samuli Simelius (Helsingin yliopisto) v\u00e4it\u00f6skirjaan aiheesta &#8221;Pompejin peristyylipuutarhat sosioekonomisen edustamisen v\u00e4linein\u00e4&#8221;. 2013: FM Pia Mustonen (Tampereen yliopisto) v\u00e4it\u00f6skirjaan aiheesta &#8221;Keisariperheiden naisten uskonnollinen toiminta Julius-Claudiusten ja Flaviusten dynastioissa&#8221;. 2012: FM Reima V\u00e4lim\u00e4ki (Turun yliopisto) v\u00e4it\u00f6skirjaan aiheesta &#8221;My\u00f6h\u00e4iskeskiaikainen kerettil\u00e4isyyden inkvisitio ja celestiini-hengellisyys&#8221;. 2011: FM Hanna-Leena Tikkanen (Turun yliopisto) v\u00e4it\u00f6skirjaan aiheesta &#8221;Suomen ja Italian suhteet 1940\u20131944&#8221;. 2010: FM Juho Wilskman (Helsingin yliopisto) v\u00e4it\u00f6skirjaan aiheesta &#8221;Egeanmeren sodank\u00e4ynti 1203\u20131403&#8221;.<\/p>\n","protected":false},"author":1,"featured_media":0,"parent":0,"menu_order":0,"comment_status":"closed","ping_status":"closed","template":"elementor_theme","meta":{"footnotes":""},"class_list":["post-95","page","type-page","status-publish","hentry"],"_links":{"self":[{"href":"https:\/\/www.villalantenystavat.fi\/index.php?rest_route=\/wp\/v2\/pages\/95","targetHints":{"allow":["GET"]}}],"collection":[{"href":"https:\/\/www.villalantenystavat.fi\/index.php?rest_route=\/wp\/v2\/pages"}],"about":[{"href":"https:\/\/www.villalantenystavat.fi\/index.php?rest_route=\/wp\/v2\/types\/page"}],"author":[{"embeddable":true,"href":"https:\/\/www.villalantenystavat.fi\/index.php?rest_route=\/wp\/v2\/users\/1"}],"replies":[{"embeddable":true,"href":"https:\/\/www.villalantenystavat.fi\/index.php?rest_route=%2Fwp%2Fv2%2Fcomments&post=95"}],"version-history":[{"count":71,"href":"https:\/\/www.villalantenystavat.fi\/index.php?rest_route=\/wp\/v2\/pages\/95\/revisions"}],"predecessor-version":[{"id":1136,"href":"https:\/\/www.villalantenystavat.fi\/index.php?rest_route=\/wp\/v2\/pages\/95\/revisions\/1136"}],"wp:attachment":[{"href":"https:\/\/www.villalantenystavat.fi\/index.php?rest_route=%2Fwp%2Fv2%2Fmedia&parent=95"}],"curies":[{"name":"wp","href":"https:\/\/api.w.org\/{rel}","templated":true}]}}