{"id":271,"date":"2022-03-02T17:01:10","date_gmt":"2022-03-02T17:01:10","guid":{"rendered":"http:\/\/www.villalantenystavat.fi\/?page_id=271"},"modified":"2025-10-20T16:15:16","modified_gmt":"2025-10-20T16:15:16","slug":"tietoja-yhdistyksesta","status":"publish","type":"page","link":"https:\/\/www.villalantenystavat.fi\/?page_id=271","title":{"rendered":"Tietoja yhdistyksest\u00e4"},"content":{"rendered":"\n<p><strong>Yhteystiedot<\/strong><\/p>\n\n\n\n<p><strong>Villa Lanten yst\u00e4v\u00e4t \u2013 Villa Lantes v\u00e4nner ry.<\/strong><\/p>\n\n\n\n<p>Yhdistyksen hallitus ja sihteeri ovat tavoitettavissa s\u00e4hk\u00f6postitse:<br>\n<strong>villalantenystavat@yahoo.com<\/strong><\/p>\n\n\n\n<p>Postiosoite:<br>\n<strong>Kalliolinnantie 4 (1. krs)<\/strong><br>\n<strong>00140 Helsinki<\/strong><\/p>\n\n\n\n<p><strong>Hallitus<\/strong><\/p>\n\n\n\n<p>Puheenjohtaja FM Minna Malja<\/p>\n\n\n\n<p>Varapuheenjohtaja dos. Laura Nissin<\/p>\n\n\n\n<p><\/p>\n\n\n\n<p>Dos. Jenni Kuuliala<\/p>\n\n\n\n<p>FM Eeva Pitk\u00e4l\u00e4 (j\u00e4sensihteeri)<\/p>\n\n\n\n<p>Dos. Elina Pyy<\/p>\n\n\n\n<p>KTM Helena Raunio (tiedottaja)<\/p>\n\n\n\n<p>FT Samuli Simelius<\/p>\n\n\n\n<p>FM Sonia Taiarol<\/p>\n\n\n\n<p>Dos. Ville Vuolanto (sihteeri)<\/p>\n\n\n\n<p>Yhdistyksen tilitoimisto on Tulosmesta Oy.<\/p>\n\n\n\n<p><\/p>\n","protected":false},"excerpt":{"rendered":"<p>Yhteystiedot Villa Lanten yst\u00e4v\u00e4t \u2013 Villa Lantes v\u00e4nner ry. Yhdistyksen hallitus ja sihteeri ovat tavoitettavissa s\u00e4hk\u00f6postitse: villalantenystavat@yahoo.com Postiosoite: Kalliolinnantie 4 (1. krs) 00140 Helsinki Hallitus Puheenjohtaja FM Minna Malja Varapuheenjohtaja dos. Laura Nissin Dos. Jenni Kuuliala FM Eeva Pitk\u00e4l\u00e4 (j\u00e4sensihteeri) Dos. Elina Pyy KTM Helena Raunio (tiedottaja) FT Samuli Simelius FM Sonia Taiarol Dos. Ville Vuolanto (sihteeri) Yhdistyksen tilitoimisto on Tulosmesta Oy.<\/p>\n","protected":false},"author":1,"featured_media":0,"parent":0,"menu_order":0,"comment_status":"closed","ping_status":"closed","template":"elementor_theme","meta":{"footnotes":""},"class_list":["post-271","page","type-page","status-publish","hentry"],"_links":{"self":[{"href":"https:\/\/www.villalantenystavat.fi\/index.php?rest_route=\/wp\/v2\/pages\/271","targetHints":{"allow":["GET"]}}],"collection":[{"href":"https:\/\/www.villalantenystavat.fi\/index.php?rest_route=\/wp\/v2\/pages"}],"about":[{"href":"https:\/\/www.villalantenystavat.fi\/index.php?rest_route=\/wp\/v2\/types\/page"}],"author":[{"embeddable":true,"href":"https:\/\/www.villalantenystavat.fi\/index.php?rest_route=\/wp\/v2\/users\/1"}],"replies":[{"embeddable":true,"href":"https:\/\/www.villalantenystavat.fi\/index.php?rest_route=%2Fwp%2Fv2%2Fcomments&post=271"}],"version-history":[{"count":29,"href":"https:\/\/www.villalantenystavat.fi\/index.php?rest_route=\/wp\/v2\/pages\/271\/revisions"}],"predecessor-version":[{"id":1098,"href":"https:\/\/www.villalantenystavat.fi\/index.php?rest_route=\/wp\/v2\/pages\/271\/revisions\/1098"}],"wp:attachment":[{"href":"https:\/\/www.villalantenystavat.fi\/index.php?rest_route=%2Fwp%2Fv2%2Fmedia&parent=271"}],"curies":[{"name":"wp","href":"https:\/\/api.w.org\/{rel}","templated":true}]}}