{"id":19,"date":"2021-09-22T12:09:23","date_gmt":"2021-09-22T12:09:23","guid":{"rendered":"http:\/\/www.villalantenystavat.fi\/?page_id=19"},"modified":"2026-04-22T14:51:05","modified_gmt":"2026-04-22T14:51:05","slug":"tervetuloa","status":"publish","type":"page","link":"https:\/\/www.villalantenystavat.fi\/","title":{"rendered":"Villa Lanten yst\u00e4v\u00e4t ry"},"content":{"rendered":"<p>\n\n\n<p style=\"font-size:16px\"><strong>Villa Lanten yst\u00e4v\u00e4t \u2013 Villa Lantes v\u00e4nner ry<\/strong>\u00a0on vuonna 1979 perustettu voittoa tavoittelematon j\u00e4rjest\u00f6, joka tekee tunnetuksi antiikin ja Italian kulttuuria, ker\u00e4\u00e4 varoja\u00a0<a href=\"https:\/\/villalante.fi\/\" data-type=\"link\" data-id=\"https:\/\/villalante.fi\/\">Suomen Rooman-instituutin<\/a>\u00a0toiminnan tukemiseksi ja my\u00f6nt\u00e4\u00e4 vuosittain apurahan v\u00e4it\u00f6skirjatutkimukseen, jonka tekeminen edellytt\u00e4\u00e4 oleskelua Roomassa.<\/p>\n\n\n\n<p style=\"font-size:16px\">J\u00e4rjest\u00e4mme Villa Lanten yst\u00e4ville webinaareja, esitelm\u00e4tilaisuuksia, n\u00e4yttelykierroksia, juhlia ja matkoja ja julkaisemme j\u00e4senille jaettavaa ROMA-vuosikirjaa.<\/p>\n\n\n\n<p style=\"font-size:16px\">Bannerikuvat:&nbsp;<em>Eero Kukkonen, Laura Nissin<\/em><\/p>\n\n\n<\/p>\n\n\n<p><\/p>\n","protected":false},"excerpt":{"rendered":"<p>Villa Lanten yst\u00e4v\u00e4t \u2013 Villa Lantes v\u00e4nner ry\u00a0on vuonna 1979 perustettu voittoa tavoittelematon j\u00e4rjest\u00f6, joka tekee tunnetuksi antiikin ja Italian kulttuuria, ker\u00e4\u00e4 varoja\u00a0Suomen Rooman-instituutin\u00a0toiminnan tukemiseksi ja my\u00f6nt\u00e4\u00e4 vuosittain apurahan v\u00e4it\u00f6skirjatutkimukseen, jonka tekeminen edellytt\u00e4\u00e4 oleskelua Roomassa. J\u00e4rjest\u00e4mme Villa Lanten yst\u00e4ville webinaareja, esitelm\u00e4tilaisuuksia, n\u00e4yttelykierroksia, juhlia ja matkoja ja julkaisemme j\u00e4senille jaettavaa ROMA-vuosikirjaa. Bannerikuvat:&nbsp;Eero Kukkonen, Laura Nissin<\/p>\n","protected":false},"author":1,"featured_media":0,"parent":0,"menu_order":0,"comment_status":"closed","ping_status":"closed","template":"elementor_theme","meta":{"footnotes":""},"class_list":["post-19","page","type-page","status-publish","hentry"],"_links":{"self":[{"href":"https:\/\/www.villalantenystavat.fi\/index.php?rest_route=\/wp\/v2\/pages\/19","targetHints":{"allow":["GET"]}}],"collection":[{"href":"https:\/\/www.villalantenystavat.fi\/index.php?rest_route=\/wp\/v2\/pages"}],"about":[{"href":"https:\/\/www.villalantenystavat.fi\/index.php?rest_route=\/wp\/v2\/types\/page"}],"author":[{"embeddable":true,"href":"https:\/\/www.villalantenystavat.fi\/index.php?rest_route=\/wp\/v2\/users\/1"}],"replies":[{"embeddable":true,"href":"https:\/\/www.villalantenystavat.fi\/index.php?rest_route=%2Fwp%2Fv2%2Fcomments&post=19"}],"version-history":[{"count":55,"href":"https:\/\/www.villalantenystavat.fi\/index.php?rest_route=\/wp\/v2\/pages\/19\/revisions"}],"predecessor-version":[{"id":1179,"href":"https:\/\/www.villalantenystavat.fi\/index.php?rest_route=\/wp\/v2\/pages\/19\/revisions\/1179"}],"wp:attachment":[{"href":"https:\/\/www.villalantenystavat.fi\/index.php?rest_route=%2Fwp%2Fv2%2Fmedia&parent=19"}],"curies":[{"name":"wp","href":"https:\/\/api.w.org\/{rel}","templated":true}]}}