{"id":148,"date":"2022-02-09T13:03:47","date_gmt":"2022-02-09T13:03:47","guid":{"rendered":"http:\/\/www.villalantenystavat.fi\/?page_id=148"},"modified":"2023-09-27T09:10:25","modified_gmt":"2023-09-27T09:10:25","slug":"villa-lante-al-gianicolo","status":"publish","type":"page","link":"https:\/\/www.villalantenystavat.fi\/?page_id=148","title":{"rendered":"Villa Lante al Gianicolo"},"content":{"rendered":"<p>Tilaa upea ja ajaton<\/p>\n<p>VILLA LANTE AL GIANICOLO -valokuvakirja!<br \/>\nArja Karivieri &amp; Simo \u00d6rm\u00e4 (toim.), Rooma 2018<\/p>\n<p>Villa Lanten 500-vuotisjuhlan kunniaksi julkaistussa kirjassa on kauniita kuvia villasta sek\u00e4 tekstikatkelmia, runoja ja tunnelmia Gianicolon kukkulalta antiikin p\u00e4ivist\u00e4 nykyaikaan.<\/p>\n<p>Kirja on tehty yhteisty\u00f6ss\u00e4 Suomen Rooman-instituutin, Villa Lanten yst\u00e4v\u00e4t ry:n ja Sataedun valokuvauksen opiskelijoiden kanssa.<\/p>\n<p>Tekstit ovat nelj\u00e4ll\u00e4 kielell\u00e4 (suomi, ruotsi, englanti ja italia).<\/p>\n<p>Kirjaa voi tilata Villa Lanten yst\u00e4v\u00e4t ry:n sihteerilt\u00e4 hintaan 30 \u20ac. Hinta sis\u00e4lt\u00e4\u00e4 postituskulut Suomessa.<\/p>\n<p>Tilaukset: villalantenystavat@yahoo.com<\/p>\n<p>Lis\u00e4tietoa kirjasta: <a href=\"https:\/\/irfrome.org\/tutkimus-2\/julkaisut\/muut-julkaisut\/\">https:\/\/irfrome.org\/tutkimus-2\/julkaisut\/muut-julkaisut\/<\/a><\/p>\n","protected":false},"excerpt":{"rendered":"<p>Tilaa upea ja ajaton VILLA LANTE AL GIANICOLO -valokuvakirja! Arja Karivieri &amp; Simo \u00d6rm\u00e4 (toim.), Rooma 2018 Villa Lanten 500-vuotisjuhlan kunniaksi julkaistussa kirjassa on kauniita kuvia villasta sek\u00e4 tekstikatkelmia, runoja ja tunnelmia Gianicolon kukkulalta antiikin p\u00e4ivist\u00e4 nykyaikaan. Kirja on tehty yhteisty\u00f6ss\u00e4 Suomen Rooman-instituutin, Villa Lanten yst\u00e4v\u00e4t ry:n ja Sataedun valokuvauksen opiskelijoiden kanssa. Tekstit ovat nelj\u00e4ll\u00e4 kielell\u00e4 (suomi, ruotsi, englanti ja italia). Kirjaa voi tilata Villa Lanten yst\u00e4v\u00e4t ry:n sihteerilt\u00e4 hintaan 30 \u20ac. Hinta sis\u00e4lt\u00e4\u00e4 postituskulut Suomessa. Tilaukset: villalantenystavat@yahoo.com Lis\u00e4tietoa kirjasta: https:\/\/irfrome.org\/tutkimus-2\/julkaisut\/muut-julkaisut\/<\/p>\n","protected":false},"author":1,"featured_media":0,"parent":0,"menu_order":0,"comment_status":"closed","ping_status":"closed","template":"elementor_theme","meta":{"footnotes":""},"class_list":["post-148","page","type-page","status-publish","hentry"],"_links":{"self":[{"href":"https:\/\/www.villalantenystavat.fi\/index.php?rest_route=\/wp\/v2\/pages\/148","targetHints":{"allow":["GET"]}}],"collection":[{"href":"https:\/\/www.villalantenystavat.fi\/index.php?rest_route=\/wp\/v2\/pages"}],"about":[{"href":"https:\/\/www.villalantenystavat.fi\/index.php?rest_route=\/wp\/v2\/types\/page"}],"author":[{"embeddable":true,"href":"https:\/\/www.villalantenystavat.fi\/index.php?rest_route=\/wp\/v2\/users\/1"}],"replies":[{"embeddable":true,"href":"https:\/\/www.villalantenystavat.fi\/index.php?rest_route=%2Fwp%2Fv2%2Fcomments&post=148"}],"version-history":[{"count":15,"href":"https:\/\/www.villalantenystavat.fi\/index.php?rest_route=\/wp\/v2\/pages\/148\/revisions"}],"predecessor-version":[{"id":833,"href":"https:\/\/www.villalantenystavat.fi\/index.php?rest_route=\/wp\/v2\/pages\/148\/revisions\/833"}],"wp:attachment":[{"href":"https:\/\/www.villalantenystavat.fi\/index.php?rest_route=%2Fwp%2Fv2%2Fmedia&parent=148"}],"curies":[{"name":"wp","href":"https:\/\/api.w.org\/{rel}","templated":true}]}}